{"id":7,"date":"2015-11-05T04:20:21","date_gmt":"2015-11-05T04:20:21","guid":{"rendered":"http:\/\/localhost\/medical\/?page_id=5"},"modified":"2024-04-23T17:15:27","modified_gmt":"2024-04-23T14:15:27","slug":"home1","status":"publish","type":"page","link":"https:\/\/landingtr.muratmakasci.com\/","title":{"rendered":"Trapianto di Capelli con Cellule Staminali"},"content":{"rendered":"<div class=\"wpb-content-wrapper\"><p>[vc_row parallax_bg=&#8221;true&#8221; css=&#8221;.vc_custom_1487928048229{padding-top: 120px !important;background-image: url(http:\/\/wpdemo.thememodern.com\/medical\/wp-content\/uploads\/sites\/7\/2015\/11\/medical-bg.jpg?id=338) !important;background-position: center !important;background-repeat: no-repeat !important;background-size: cover !important;}&#8221; el_class=&#8221;relative&#8221; el_id=&#8221;top&#8221;][vc_column offset=&#8221;vc_col-md-6&#8243;][vc_column_text css=&#8221;&#8221;]<\/p>\n<h1 class=\"headline\">MURAT <span style=\"color: #ff6600;\"><span style=\"color: #000000;\">MAKASCI<\/span><\/span><\/h1>\n<p>[\/vc_column_text][vc_custom_heading text=&#8221;Yeni bir tarza ve g\u00f6r\u00fcn\u00fcme sahip olabilirsiniz.&#8221; font_container=&#8221;tag:h3|text_align:left&#8221; use_theme_fonts=&#8221;yes&#8221; css=&#8221;&#8221; el_class=&#8221;headline-support&#8221;][vc_column_text css=&#8221;.vc_custom_1713881722875{margin-top: 20px !important;margin-bottom: 20px !important;}&#8221;]<span style=\"color: #ff6600;\"><strong>\u00dcnl\u00fc oyuncu Sarp Bozkurt Murat Makasc\u0131 Klinik&#8217;te<\/strong><\/span>[\/vc_column_text][vc_video link=&#8221;https:\/\/www.youtube.com\/watch?v=jfILPLVcEVg&#038;t=4s&#8221; css=&#8221;&#8221;][\/vc_column][vc_column offset=&#8221;vc_col-md-6&#8243;][vc_single_image image=&#8221;597&#8243; img_size=&#8221;full&#8221; alignment=&#8221;right&#8221; css=&#8221;&#8221;][\/vc_column][\/vc_row][vc_row css=&#8221;.vc_custom_1446802971816{padding-top: 50px !important;padding-bottom: 50px !important;}&#8221; el_id=&#8221;book&#8221;][vc_column width=&#8221;1\/2&#8243; offset=&#8221;vc_col-md-7&#8243;][vc_column_text css=&#8221;.vc_custom_1713881704292{margin-bottom: 30px !important;}&#8221; el_class=&#8221;section-title left-aligned&#8221;]<\/p>\n<h2>Oyuncu Sami AKSU Murat Makasc\u0131 Klinik&#8217;te<\/h2>\n<h3 class=\"subline\">\u00dcnl\u00fc oyunlar\u0131n sa\u00e7 ekimi alan\u0131nda tercihi Murat Makasc\u0131 Klinik. Siz de sa\u00e7 ekimi hakk\u0131nda fiyat ve bilgi i\u00e7in ba\u015fvuru yapabilirsiniz.<\/h3>\n<hr \/>\n<p>[\/vc_column_text][vc_video link=&#8221;https:\/\/www.youtube.com\/watch?v=YPfB8S86GYg&#8221; css=&#8221;&#8221;][vc_single_image image=&#8221;599&#8243; img_size=&#8221;full&#8221; alignment=&#8221;center&#8221; css=&#8221;&#8221;][\/vc_column][vc_column width=&#8221;1\/2&#8243; offset=&#8221;vc_col-md-5&#8243;]\n<div class=\"wpcf7 no-js\" id=\"wpcf7-f543-o1\" lang=\"en-US\" dir=\"ltr\">\n<div class=\"screen-reader-response\"><p role=\"status\" aria-live=\"polite\" aria-atomic=\"true\"><\/p> <ul><\/ul><\/div>\n<form action=\"\/index.php\/wp-json\/wp\/v2\/pages\/7#wpcf7-f543-o1\" method=\"post\" class=\"wpcf7-form init\" aria-label=\"Contact form\" novalidate=\"novalidate\" data-status=\"init\">\n<div style=\"display: none;\">\n<input type=\"hidden\" name=\"_wpcf7\" value=\"543\" \/>\n<input type=\"hidden\" name=\"_wpcf7_version\" value=\"5.9.3\" \/>\n<input type=\"hidden\" name=\"_wpcf7_locale\" value=\"en_US\" \/>\n<input type=\"hidden\" name=\"_wpcf7_unit_tag\" value=\"wpcf7-f543-o1\" \/>\n<input type=\"hidden\" name=\"_wpcf7_container_post\" value=\"0\" \/>\n<input type=\"hidden\" name=\"_wpcf7_posted_data_hash\" value=\"\" \/>\n<\/div>\n<div class=\"appointment-form\">\n\t<div class=\"form-header\">\n\t\t<h4>Form Doldurun veya\n\t\t<\/h4>\n\t\t<p><a href=\"https:\/\/wa.me\/+905068374685\">Whatsapp'tan Ba\u015fvurun: +90 506 837 46 85<\/a>\n\t\t<\/p>\n\t<\/div>\n\t<div class=\"form-group\">\n\t\t<p><label>\u0130sim<\/label><br \/>\n<span class=\"wpcf7-form-control-wrap\" data-name=\"your-name\"><input size=\"40\" class=\"wpcf7-form-control wpcf7-text wpcf7-validates-as-required form-control\" aria-required=\"true\" aria-invalid=\"false\" value=\"\" type=\"text\" name=\"your-name\" \/><\/span>\n\t\t<\/p>\n\t<\/div>\n\t<div class=\"form-group\">\n\t\t<p><label>E-Posta<\/label><br \/>\n<span class=\"wpcf7-form-control-wrap\" data-name=\"your-email\"><input size=\"40\" class=\"wpcf7-form-control wpcf7-email wpcf7-validates-as-required wpcf7-text wpcf7-validates-as-email form-control\" aria-required=\"true\" aria-invalid=\"false\" value=\"\" type=\"email\" name=\"your-email\" \/><\/span>\n\t\t<\/p>\n\t<\/div>\n\t<div class=\"form-group\">\n\t\t<p><label>Tel No:<\/label><br \/>\n<span class=\"wpcf7-form-control-wrap\" data-name=\"your-phone\"><input size=\"40\" class=\"wpcf7-form-control wpcf7-tel wpcf7-validates-as-required wpcf7-text wpcf7-validates-as-tel form-control\" aria-required=\"true\" aria-invalid=\"false\" value=\"\" type=\"tel\" name=\"your-phone\" \/><\/span>\n\t\t<\/p>\n\t<\/div>\n\t<div class=\"form-group\">\n\t\t<p><label>Mesaj\u0131n\u0131z<\/label><small class=\"text-muted\">(Mesaj Zorunlu De\u011fil)<\/small><br \/>\n<span class=\"wpcf7-form-control-wrap\" data-name=\"your-message\"><textarea cols=\"40\" rows=\"10\" class=\"wpcf7-form-control wpcf7-textarea form-control\" aria-invalid=\"false\" name=\"your-message\"><\/textarea><\/span>\n\t\t<\/p>\n\t<\/div>\n\t<div class=\"text-center form-group\">\n\t\t<p><input class=\"wpcf7-form-control wpcf7-submit has-spinner btn btn-success btn-block btn-xl\" type=\"submit\" value=\"G\u00f6nder\" \/><small class=\"text-muted\">Yaz Kampanyas\u0131ndan Faydalanabilirsiniz. Hemen Ba\u015fvurun.<\/small>\n\t\t<\/p>\n\t<\/div>\n<\/div><div class=\"wpcf7-response-output\" aria-hidden=\"true\"><\/div>\n<\/form>\n<\/div>\n[\/vc_column][\/vc_row][vc_row css=&#8221;.vc_custom_1446802984885{padding-top: 30px !important;padding-bottom: 70px !important;}&#8221; el_id=&#8221;video&#8221;][vc_column][vc_column_text css=&#8221;.vc_custom_1713875860875{padding-bottom: 30px !important;}&#8221; el_class=&#8221;section-title&#8221;]<\/p>\n<h2 style=\"text-align: center;\">MURAT MAKASCI <span style=\"color: #ff6600;\">TV YAYINLARI<\/span><\/h2>\n<h3 class=\"subline\" style=\"text-align: center;\">Murat Makasc\u0131&#8217;n\u0131n sa\u00e7 ekimi alan\u0131nda uzman olarak kat\u0131ld\u0131\u011f\u0131 tv programlar\u0131n\u0131 a\u015fa\u011f\u0131daki videolardan inceleyebilirsiniz.<\/h3>\n<hr \/>\n<p>[\/vc_column_text][\/vc_column][vc_column offset=&#8221;vc_col-lg-offset-2 vc_col-md-offset-2 vc_col-md-8&#8243;][vc_video link=&#8221;https:\/\/www.youtube.com\/watch?v=LeHOm6GDgno&#8221; css=&#8221;&#8221;][vc_video link=&#8221;https:\/\/www.youtube.com\/watch?v=Lvt4vF55_GQ&#8221; css=&#8221;&#8221;][vc_video link=&#8221;https:\/\/www.youtube.com\/watch?v=I6X5bGgxAgI&#8221; css=&#8221;&#8221;][vc_video link=&#8221;https:\/\/www.youtube.com\/watch?v=k-fd8y1rpBQ&#8221; css=&#8221;&#8221;][\/vc_column][\/vc_row][vc_row css=&#8221;.vc_custom_1446781331709{padding-top: 30px !important;padding-bottom: 70px !important;}&#8221; el_class=&#8221;text-center&#8221;][vc_column][vc_column_text css=&#8221;.vc_custom_1713876389276{padding-bottom: 30px !important;}&#8221; el_class=&#8221;section-title&#8221;]<\/p>\n<h2 style=\"text-align: center;\">\u00dcCRETS\u0130Z <span style=\"color: #ff6600;\">SA\u00c7 ANAL\u0130Z\u0130<\/span><\/h2>\n<h3 class=\"subline\" style=\"text-align: center;\">Sa\u011fl\u0131k dan\u0131\u015fmanlar\u0131m\u0131z sa\u00e7 ekimi \u00f6ncesi, sa\u00e7lar\u0131n\u0131z\u0131n \u00fccretsiz analizini yaparak sizi bilgilendirebilirler.<\/h3>\n<hr \/>\n<p>[\/vc_column_text]\t  <a href=\"#book\" class=\"btn btn-xl btn-success\">HEMEN BA\u015eVURUN !<\/a>\r\n  \r\n  [vc_column_text css=&#8221;.vc_custom_1713864759116{margin-top: 20px !important;margin-bottom: 20px !important;}&#8221;]veya Whatsapp : <a href=\"https:\/\/wa.me\/+905068374685\">+90 506 837 46 85<\/a>[\/vc_column_text][\/vc_column][\/vc_row][vc_row fullwidth=&#8221;yes&#8221;][vc_column][vc_gmaps link=&#8221;#E-8_JTNDaWZyYW1lJTIwc3JjJTNEJTIyaHR0cHMlM0ElMkYlMkZ3d3cuZ29vZ2xlLmNvbSUyRm1hcHMlMkZlbWJlZCUzRnBiJTNEJTIxMW0xOCUyMTFtMTIlMjExbTMlMjExZDcxNjIuODc2MjIzNzI2MzE4JTIxMmQyOS4wMDM1MzUyNzA5NzM0NDglMjEzZDQwLjk4OTgzNDU3MDU5MDUyJTIxMm0zJTIxMWYwJTIxMmYwJTIxM2YwJTIxM20yJTIxMWkxMDI0JTIxMmk3NjglMjE0ZjEzLjElMjEzbTMlMjExbTIlMjExczB4MTRjYWM3MzVhOTI2NmE2ZCUyNTNBMHgxYjJhMjVmNDI0ZmFhOTIzJTIxMnNNdXJhdCUyNTIwTWFrYXNjJTI1QzQlMjVCMSUyNTIwS2xpbmlrJTI1MjAtJTI1MjBTYSUyNUMzJTI1QTclMjUyMEVraW1pJTIxNWUwJTIxM20yJTIxMXN0ciUyMTJzdHIlMjE0djE2OTk2MTkyOTI2MzclMjE1bTIlMjExc3RyJTIxMnN0ciUyMiUyMHdpZHRoJTNEJTIyMTg5NiUyMiUyMGhlaWdodCUzRCUyMjM5OSUyMiUyMHN0eWxlJTNEJTIyYm9yZGVyJTNBMCUzQiUyMiUyMGFsbG93ZnVsbHNjcmVlbiUzRCUyMiUyMiUyMGxvYWRpbmclM0QlMjJsYXp5JTIyJTIwcmVmZXJyZXJwb2xpY3klM0QlMjJuby1yZWZlcnJlci13aGVuLWRvd25ncmFkZSUyMiUzRSUzQyUyRmlmcmFtZSUzRQ==&#8221;][vc_column_text css_animation=&#8221;none&#8221; css=&#8221;&#8221;]<center><a href=\"https:\/\/www.facebook.com\/muratmakasciklinikturkiye\"><img loading=\"lazy\" decoding=\"async\" class=\"alignnone wp-image-607 size-full\" src=\"https:\/\/landingtr.muratmakasci.com\/wp-content\/uploads\/2024\/04\/face.jpg\" alt=\"\" width=\"55\" height=\"55\" \/><\/a><a href=\"https:\/\/www.instagram.com\/muratmakasciclinic\/\"><img loading=\"lazy\" decoding=\"async\" class=\"alignnone wp-image-608 size-full\" src=\"https:\/\/landingtr.muratmakasci.com\/wp-content\/uploads\/2024\/04\/instagram.jpg\" alt=\"\" width=\"55\" height=\"55\" \/><\/a><a href=\"https:\/\/www.youtube.com\/@muratmakasciklinik\"><img loading=\"lazy\" decoding=\"async\" class=\"alignnone wp-image-609 size-full\" src=\"https:\/\/landingtr.muratmakasci.com\/wp-content\/uploads\/2024\/04\/youtube.jpg\" alt=\"\" width=\"55\" height=\"55\" \/><\/a><\/center>[\/vc_column_text][\/vc_column][\/vc_row]<\/p>\n<\/div>","protected":false},"excerpt":{"rendered":"<p>[vc_row parallax_bg=&#8221;true&#8221; css=&#8221;.vc_custom_1487928048229{padding-top: 120px !important;background-image: url(http:\/\/wpdemo.thememodern.com\/medical\/wp-content\/uploads\/sites\/7\/2015\/11\/medical-bg.jpg?id=338) !important;background-position: center !important;background-repeat: no-repeat !important;background-size: cover !important;}&#8221; el_class=&#8221;relative&#8221; el_id=&#8221;top&#8221;][vc_column offset=&#8221;vc_col-md-6&#8243;][vc_column_text css=&#8221;&#8221;] MURAT MAKASCI [\/vc_column_text][vc_custom_heading text=&#8221;Yeni bir tarza ve g\u00f6r\u00fcn\u00fcme sahip olabilirsiniz.&#8221; font_container=&#8221;tag:h3|text_align:left&#8221; use_theme_fonts=&#8221;yes&#8221; css=&#8221;&#8221; el_class=&#8221;headline-support&#8221;][vc_column_text css=&#8221;.vc_custom_1713881722875{margin-top: 20px !important;margin-bottom: 20px !important;}&#8221;]\u00dcnl\u00fc oyuncu Sarp Bozkurt Murat Makasc\u0131 Klinik&#8217;te[\/vc_column_text][vc_video link=&#8221;https:\/\/www.youtube.com\/watch?v=jfILPLVcEVg&#038;t=4s&#8221; css=&#8221;&#8221;][\/vc_column][vc_column offset=&#8221;vc_col-md-6&#8243;][vc_single_image image=&#8221;597&#8243; img_size=&#8221;full&#8221; alignment=&#8221;right&#8221; css=&#8221;&#8221;][\/vc_column][\/vc_row][vc_row css=&#8221;.vc_custom_1446802971816{padding-top: 50px !important;padding-bottom: 50px !important;}&#8221; el_id=&#8221;book&#8221;][vc_column [&hellip;]<\/p>\n","protected":false},"author":1,"featured_media":0,"parent":0,"menu_order":0,"comment_status":"closed","ping_status":"closed","template":"page-templates\/template-canvas.php","meta":{"footnotes":""},"class_list":["post-7","page","type-page","status-publish","hentry"],"_links":{"self":[{"href":"https:\/\/landingtr.muratmakasci.com\/index.php\/wp-json\/wp\/v2\/pages\/7","targetHints":{"allow":["GET"]}}],"collection":[{"href":"https:\/\/landingtr.muratmakasci.com\/index.php\/wp-json\/wp\/v2\/pages"}],"about":[{"href":"https:\/\/landingtr.muratmakasci.com\/index.php\/wp-json\/wp\/v2\/types\/page"}],"author":[{"embeddable":true,"href":"https:\/\/landingtr.muratmakasci.com\/index.php\/wp-json\/wp\/v2\/users\/1"}],"replies":[{"embeddable":true,"href":"https:\/\/landingtr.muratmakasci.com\/index.php\/wp-json\/wp\/v2\/comments?post=7"}],"version-history":[{"count":40,"href":"https:\/\/landingtr.muratmakasci.com\/index.php\/wp-json\/wp\/v2\/pages\/7\/revisions"}],"predecessor-version":[{"id":620,"href":"https:\/\/landingtr.muratmakasci.com\/index.php\/wp-json\/wp\/v2\/pages\/7\/revisions\/620"}],"wp:attachment":[{"href":"https:\/\/landingtr.muratmakasci.com\/index.php\/wp-json\/wp\/v2\/media?parent=7"}],"curies":[{"name":"wp","href":"https:\/\/api.w.org\/{rel}","templated":true}]}}